{"id":154,"date":"2020-02-13T08:36:03","date_gmt":"2020-02-13T07:36:03","guid":{"rendered":"https:\/\/www.culhusrbtour.com\/?page_id=154"},"modified":"2020-02-13T08:51:08","modified_gmt":"2020-02-13T07:51:08","slug":"culhusrbtour","status":"publish","type":"page","link":"https:\/\/www.culhusrbtour.com\/sr\/","title":{"rendered":"CulHuSrbTour"},"content":{"rendered":"[vc_row type=&#8220;full_width_background&#8220; full_screen_row_position=&#8220;middle&#8220; column_margin=&#8220;default&#8220; scene_position=&#8220;center&#8220; text_color=&#8220;dark&#8220; text_align=&#8220;left&#8220; top_padding=&#8220;5%&#8220; enable_gradient=&#8220;true&#8220; color_overlay=&#8220;#eaf1fd&#8220; gradient_direction=&#8220;top_to_bottom&#8220; overlay_strength=&#8220;1&#8243; shape_divider_color=&#8220;#f4f4f4&#8243; shape_divider_position=&#8220;bottom&#8220; shape_divider_height=&#8220;40%&#8220; bg_image_animation=&#8220;none&#8220; shape_type=&#8220;curve_opacity&#8220;][vc_column column_padding=&#8220;no-extra-padding&#8220; column_padding_position=&#8220;right&#8220; background_color_opacity=&#8220;1&#8243; background_hover_color_opacity=&#8220;1&#8243; column_link_target=&#8220;_self&#8220; column_shadow=&#8220;none&#8220; column_border_radius=&#8220;none&#8220; width=&#8220;1\/1&#8243; tablet_width_inherit=&#8220;default&#8220; tablet_text_alignment=&#8220;default&#8220; phone_text_alignment=&#8220;default&#8220; overlay_strength=&#8220;0.3&#8243; column_border_width=&#8220;none&#8220; column_border_style=&#8220;solid&#8220; bg_image_animation=&#8220;none&#8220;][vc_row_inner column_margin=&#8220;default&#8220; bottom_padding=&#8220;2%&#8220; text_align=&#8220;left&#8220;][vc_column_inner column_padding=&#8220;no-extra-padding&#8220; column_padding_position=&#8220;all&#8220; background_color_opacity=&#8220;1&#8243; background_hover_color_opacity=&#8220;1&#8243; column_shadow=&#8220;none&#8220; column_border_radius=&#8220;none&#8220; column_link_target=&#8220;_self&#8220; width=&#8220;1\/6&#8243; tablet_width_inherit=&#8220;default&#8220; overlay_strength=&#8220;0.3&#8243; column_border_width=&#8220;none&#8220; column_border_style=&#8220;solid&#8220; bg_image_animation=&#8220;none&#8220;][\/vc_column_inner][vc_column_inner column_padding=&#8220;no-extra-padding&#8220; column_padding_position=&#8220;all&#8220; centered_text=&#8220;true&#8220; background_color_opacity=&#8220;1&#8243; background_hover_color_opacity=&#8220;1&#8243; column_shadow=&#8220;none&#8220; column_border_radius=&#8220;none&#8220; column_link_target=&#8220;_self&#8220; width=&#8220;2\/3&#8243; tablet_width_inherit=&#8220;default&#8220; overlay_strength=&#8220;0.3&#8243; column_border_width=&#8220;none&#8220; column_border_style=&#8220;solid&#8220; bg_image_animation=&#8220;none&#8220;][image_with_animation image_url=&#8220;99&#8243; alignment=&#8220;center&#8220; animation=&#8220;Fade In&#8220; hover_animation=&#8220;none&#8220; border_radius=&#8220;none&#8220; box_shadow=&#8220;none&#8220; image_loading=&#8220;default&#8220; max_width=&#8220;100%&#8220; max_width_mobile=&#8220;default&#8220; margin_bottom=&#8220;30px&#8220;][split_line_heading animation_type=&#8220;line-reveal-by-space&#8220; font_style=&#8220;h1&#8243; text_content=&#8220;Dobrodo\u0161li!&#8220;][\/split_line_heading][split_line_heading animation_type=&#8220;line-reveal-by-space&#8220; font_style=&#8220;h2&#8243; text_content=&#8220;Izaberite Va\u0161u avanturu:&#8220;][\/split_line_heading][divider line_type=&#8220;Small Line&#8220; line_alignment=&#8220;center&#8220; line_thickness=&#8220;3&#8243; divider_color=&#8220;accent-color&#8220; animate=&#8220;yes&#8220; custom_line_width=&#8220;80&#8243;][\/vc_column_inner][vc_column_inner column_padding=&#8220;no-extra-padding&#8220; column_padding_position=&#8220;all&#8220; background_color_opacity=&#8220;1&#8243; background_hover_color_opacity=&#8220;1&#8243; column_shadow=&#8220;none&#8220; column_border_radius=&#8220;none&#8220; column_link_target=&#8220;_self&#8220; width=&#8220;1\/6&#8243; tablet_width_inherit=&#8220;default&#8220; overlay_strength=&#8220;0.3&#8243; column_border_width=&#8220;none&#8220; column_border_style=&#8220;solid&#8220; bg_image_animation=&#8220;none&#8220;][\/vc_column_inner][\/vc_row_inner][vc_row_inner column_margin=&#8220;20px&#8220; text_align=&#8220;left&#8220;][vc_column_inner column_padding=&#8220;no-extra-padding&#8220; column_padding_position=&#8220;all&#8220; background_color_opacity=&#8220;1&#8243; background_hover_color_opacity=&#8220;1&#8243; column_shadow=&#8220;none&#8220; column_border_radius=&#8220;none&#8220; column_link_target=&#8220;_self&#8220; width=&#8220;1\/3&#8243; tablet_width_inherit=&#8220;default&#8220; overlay_strength=&#8220;0.3&#8243; column_border_width=&#8220;none&#8220; column_border_style=&#8220;solid&#8220; bg_image_animation=&#8220;none&#8220; enable_animation=&#8220;true&#8220; animation=&#8220;fade-in-from-bottom&#8220;][fancy_box box_style=&#8220;hover_desc&#8220; icon_family=&#8220;iconsmind&#8220; image_url=&#8220;46&#8243; link_new_tab=&#8220;true&#8220; hover_color=&#8220;accent-color&#8220; border_radius=&#8220;default&#8220; image_loading=&#8220;lazy-load&#8220; enable_animation=&#8220;true&#8220; animation=&#8220;fade-in-from-bottom&#8220; color_scheme=&#8220;dark&#8220; secondary_content=&#8220;here&#8217;s some awesome text that would only be shown on hover&#8220; min_height=&#8220;500&#8243; hover_content=&#8220;Jedinstvena i prva 3D virtuelna tura kroz vekove Petrovaradinske tvr\u0111ave.&#8220; icon_iconsmind=&#8220;iconsmind-Castle&#8220; icon_size=&#8220;42&#8243; link_url=&#8220;https:\/\/petrovaradin.exitfondacija.org\/en&#8220;]\n<h3>Petrovaradinska Tvr\u0111ava virtuelna tura<\/h3>\n[\/fancy_box][\/vc_column_inner][vc_column_inner column_padding=&#8220;no-extra-padding&#8220; column_padding_position=&#8220;all&#8220; background_color_opacity=&#8220;1&#8243; background_hover_color_opacity=&#8220;1&#8243; column_shadow=&#8220;none&#8220; column_border_radius=&#8220;none&#8220; column_link_target=&#8220;_self&#8220; width=&#8220;1\/3&#8243; tablet_width_inherit=&#8220;default&#8220; overlay_strength=&#8220;0.3&#8243; column_border_width=&#8220;none&#8220; column_border_style=&#8220;solid&#8220; bg_image_animation=&#8220;none&#8220; enable_animation=&#8220;true&#8220; animation=&#8220;fade-in-from-bottom&#8220; delay=&#8220;100&#8243;][fancy_box box_style=&#8220;hover_desc&#8220; icon_family=&#8220;iconsmind&#8220; image_url=&#8220;44&#8243; link_new_tab=&#8220;true&#8220; hover_color=&#8220;accent-color&#8220; border_radius=&#8220;default&#8220; image_loading=&#8220;lazy-load&#8220; enable_animation=&#8220;true&#8220; animation=&#8220;fade-in-from-bottom&#8220; color_scheme=&#8220;dark&#8220; secondary_content=&#8220;here&#8217;s some awesome text that would only be shown on hover&#8220; min_height=&#8220;500&#8243; hover_content=&#8220;Najva\u017eniji cilj ArtTisza projekta je pobolj\u0161anje turisti\u010dke ponude stvaranjem novih turiti\u010dkih proizvoda koji se usredsre\u0111uju na povezivanje kulturnog nasle\u0111a sa savremenom umetno\u0161\u0107u.&#8220; icon_iconsmind=&#8220;iconsmind-Wave&#8220; icon_size=&#8220;42&#8243; link_url=&#8220;https:\/\/www.artisza.hu\/en\/&#8220;]\n<h3>ArtTisza<\/h3>\n[\/fancy_box][\/vc_column_inner][vc_column_inner column_padding=&#8220;no-extra-padding&#8220; column_padding_position=&#8220;all&#8220; background_color_opacity=&#8220;1&#8243; background_hover_color_opacity=&#8220;1&#8243; column_shadow=&#8220;none&#8220; column_border_radius=&#8220;none&#8220; column_link_target=&#8220;_self&#8220; width=&#8220;1\/3&#8243; tablet_width_inherit=&#8220;default&#8220; overlay_strength=&#8220;0.3&#8243; column_border_width=&#8220;none&#8220; column_border_style=&#8220;solid&#8220; bg_image_animation=&#8220;none&#8220;][fancy_box box_style=&#8220;hover_desc&#8220; icon_family=&#8220;iconsmind&#8220; image_url=&#8220;97&#8243; link_new_tab=&#8220;true&#8220; hover_color=&#8220;accent-color&#8220; border_radius=&#8220;default&#8220; image_loading=&#8220;lazy-load&#8220; enable_animation=&#8220;true&#8220; animation=&#8220;fade-in-from-bottom&#8220; color_scheme=&#8220;dark&#8220; secondary_content=&#8220;here&#8217;s some awesome text that would only be shown on hover&#8220; min_height=&#8220;500&#8243; hover_content=&#8220;Projekat CulHuSrbTour ima za cilj razvoj nove turisti\u010dke trase i uspostavljanje nove prekograni\u010dne veze.&#8220; icon_iconsmind=&#8220;iconsmind-Flag-4&#8243; icon_size=&#8220;42&#8243; link_url=&#8220;https:\/\/www.culhusrbtour.com\/wp-content\/uploads\/2020\/02\/Strategy_CULHUSRBTOUR_Serbian.pdf&#8220;]\n<h3>CulHuSrbTour<\/h3>\n[\/fancy_box][\/vc_column_inner][\/vc_row_inner][\/vc_column][\/vc_row][vc_row type=&#8220;in_container&#8220; full_screen_row_position=&#8220;middle&#8220; column_margin=&#8220;default&#8220; scene_position=&#8220;center&#8220; text_color=&#8220;dark&#8220; text_align=&#8220;left&#8220; bottom_padding=&#8220;2%&#8220; overlay_strength=&#8220;0.3&#8243; shape_divider_position=&#8220;bottom&#8220; bg_image_animation=&#8220;none&#8220; shape_type=&#8220;&#8220;][vc_column column_padding=&#8220;no-extra-padding&#8220; column_padding_position=&#8220;all&#8220; background_color_opacity=&#8220;1&#8243; background_hover_color_opacity=&#8220;1&#8243; column_link_target=&#8220;_self&#8220; column_shadow=&#8220;none&#8220; column_border_radius=&#8220;none&#8220; width=&#8220;1\/1&#8243; tablet_width_inherit=&#8220;default&#8220; tablet_text_alignment=&#8220;default&#8220; phone_text_alignment=&#8220;default&#8220; overlay_strength=&#8220;0.3&#8243; column_border_width=&#8220;none&#8220; column_border_style=&#8220;solid&#8220; bg_image_animation=&#8220;none&#8220;][clients columns=&#8220;3&#8243; hover_effect=&#8220;opacity&#8220; additional_padding=&#8220;2&#8243; fade_in_animation=&#8220;true&#8220;][client image=&#8220;80&#8243; title=&#8220;Client&#8220; id=&#8220;1581580256785-2&#8243; tab_id=&#8220;1581580256786-5&#8243; url=&#8220;http:\/\/www.interreg-ipa-husrb.com&#8220; name=&#8220;Interreg-IPA&#8220;] Click the edit button to add your testimonial. [\/client][client image=&#8220;86&#8243; title=&#8220;Client&#8220; id=&#8220;1581580256831-0&#8243; tab_id=&#8220;1581580256831-9&#8243; url=&#8220;https:\/\/europa.eu&#8220; name=&#8220;EU&#8220;] Click the edit button to add your testimonial. [\/client][client image=&#8220;87&#8243; title=&#8220;Client&#8220; id=&#8220;1581580256863-8&#8243; tab_id=&#8220;1581580256863-9&#8243; name=&#8220;Good Neighbours&#8220;] Click the edit button to add your testimonial. [\/client][\/clients][vc_column_text css_animation=&#8220;none&#8220;]\n<h4 style=\"text-align: center;\"><a href=\"http:\/\/www.interreg-ipa-husrb.com\/en\/home\/\" target=\"_blank\" rel=\"noopener noreferrer\">www.interreg-ipa-husrb.com<\/a><\/h4>\n[\/vc_column_text][\/vc_column][\/vc_row][vc_row type=&#8220;full_width_background&#8220; full_screen_row_position=&#8220;middle&#8220; column_margin=&#8220;default&#8220; scene_position=&#8220;center&#8220; text_color=&#8220;dark&#8220; text_align=&#8220;left&#8220; top_padding=&#8220;5%&#8220; bottom_padding=&#8220;5%&#8220; overlay_strength=&#8220;1&#8243; shape_divider_color=&#8220;#f4f4f4&#8243; shape_divider_position=&#8220;bottom&#8220; shape_divider_height=&#8220;40%&#8220; bg_image_animation=&#8220;none&#8220; shape_type=&#8220;curve_opacity&#8220;][vc_column column_padding=&#8220;no-extra-padding&#8220; column_padding_position=&#8220;right&#8220; background_color_opacity=&#8220;1&#8243; background_hover_color_opacity=&#8220;1&#8243; column_link_target=&#8220;_self&#8220; column_shadow=&#8220;none&#8220; column_border_radius=&#8220;none&#8220; width=&#8220;1\/6&#8243; tablet_width_inherit=&#8220;default&#8220; tablet_text_alignment=&#8220;default&#8220; phone_text_alignment=&#8220;default&#8220; overlay_strength=&#8220;0.3&#8243; column_border_width=&#8220;none&#8220; column_border_style=&#8220;solid&#8220; bg_image_animation=&#8220;none&#8220;][\/vc_column][vc_column column_padding=&#8220;no-extra-padding&#8220; column_padding_position=&#8220;all&#8220; background_color_opacity=&#8220;1&#8243; background_hover_color_opacity=&#8220;1&#8243; column_link_target=&#8220;_self&#8220; column_shadow=&#8220;none&#8220; column_border_radius=&#8220;none&#8220; width=&#8220;2\/3&#8243; tablet_width_inherit=&#8220;default&#8220; tablet_text_alignment=&#8220;default&#8220; phone_text_alignment=&#8220;default&#8220; overlay_strength=&#8220;0.3&#8243; column_border_width=&#8220;none&#8220; column_border_style=&#8220;solid&#8220; bg_image_animation=&#8220;none&#8220;][vc_row_inner column_margin=&#8220;default&#8220; text_align=&#8220;left&#8220;][vc_column_inner column_padding=&#8220;no-extra-padding&#8220; column_padding_position=&#8220;all&#8220; centered_text=&#8220;true&#8220; background_color_opacity=&#8220;1&#8243; background_hover_color_opacity=&#8220;1&#8243; column_shadow=&#8220;none&#8220; column_border_radius=&#8220;none&#8220; column_link_target=&#8220;_self&#8220; width=&#8220;1\/1&#8243; tablet_width_inherit=&#8220;default&#8220; overlay_strength=&#8220;0.3&#8243; column_border_width=&#8220;none&#8220; column_border_style=&#8220;solid&#8220; bg_image_animation=&#8220;none&#8220;][split_line_heading animation_type=&#8220;line-reveal-by-space&#8220; font_style=&#8220;h2&#8243; text_content=&#8220;CulHuSrbTour&#8220;][\/split_line_heading][split_line_heading animation_type=&#8220;line-reveal-by-space&#8220; font_style=&#8220;h3&#8243; text_content=&#8220;O projektu&#8220;][\/split_line_heading][divider line_type=&#8220;Small Line&#8220; line_alignment=&#8220;center&#8220; line_thickness=&#8220;3&#8243; divider_color=&#8220;accent-color&#8220; animate=&#8220;yes&#8220; custom_line_width=&#8220;80&#8243;][\/vc_column_inner][\/vc_row_inner][vc_column_text]<span lang=\"SR-LATN-RS\">Projekat\u00a0 \u201eSavremena i tradicionalna kulturno-turisti\u010dka ruta\u201d (<strong>CULHUSRBTOUR<\/strong>), u okviru Interreg &#8211; IPA Programa prekograni\u010dne saradnje Ma\u0111arska &#8211; Srbija, ima za cilj razvoj nove turisti\u010dke trase i uspostavljanje nove prekograni\u010dne veze.\u00a0 <\/span><\/p>\n<p><span lang=\"SR-LATN-RS\">Kulturno\u2013turisti\u010dka prekograni\u010dna saradnja CULHUSRBTOUR nastala je kao saradnja izme\u0111u <strong>EXIT fondacije<\/strong>, koja na ovaj na\u010din nastavlja misiju \u0161irenja zajedni\u0161tva u regionu, i<strong> Nacionalog parka ba\u0161tine u Opustaseru<\/strong>, u Ma\u0111arskoj. <\/span><\/p>\n<p><span lang=\"SR-LATN-RS\">Partneri su u roku od godinu i po dana, koliko projekat traje, organizovali \u010detiri turisti\u010dka doga\u0111aja, koji uklju\u010duju muziku, vizuelnu umetnost, slikarstvo i fotografiju, zajedni\u010dke umetni\u010dke sastanke, radionice i studijska putovanja u obe partnerske zemlje, namenjena pre svega mladima. <\/span><\/p>\n<p><span lang=\"SR-LATN-RS\">Rezultati saradnje su i jedinstvene 3D ture kroz Petrovaradinsku tvr\u0111avu i Nacionalog parka ba\u0161tine u Opustaseru. Putem njih su na zanimljiv i interaktivan na\u010din predstavljene istorijske pri\u010de i legende o znamenitostima obe lokacije. <\/span><\/p>\n<p><span lang=\"SR-LATN-RS\">Doprinos CULHUSRBTOUR projekta razvijanju prekograni\u010dne saradnje jeste i dokument studija o novoj kulturno-turisti\u010dkoj ruti izme\u0111u Novog Sada i Opustasera.<\/span>[\/vc_column_text][\/vc_column][vc_column column_padding=&#8220;no-extra-padding&#8220; column_padding_position=&#8220;all&#8220; background_color_opacity=&#8220;1&#8243; background_hover_color_opacity=&#8220;1&#8243; column_link_target=&#8220;_self&#8220; column_shadow=&#8220;none&#8220; column_border_radius=&#8220;none&#8220; width=&#8220;1\/6&#8243; tablet_width_inherit=&#8220;default&#8220; tablet_text_alignment=&#8220;default&#8220; phone_text_alignment=&#8220;default&#8220; overlay_strength=&#8220;0.3&#8243; column_border_width=&#8220;none&#8220; column_border_style=&#8220;solid&#8220; bg_image_animation=&#8220;none&#8220;][\/vc_column][\/vc_row]\n","protected":false},"excerpt":{"rendered":"<p>[vc_row type=&#8220;full_width_background&#8220; full_screen_row_position=&#8220;middle&#8220; column_margin=&#8220;default&#8220; scene_position=&#8220;center&#8220; text_color=&#8220;dark&#8220; text_align=&#8220;left&#8220; top_padding=&#8220;5%&#8220; enable_gradient=&#8220;true&#8220; color_overlay=&#8220;#eaf1fd&#8220; gradient_direction=&#8220;top_to_bottom&#8220; overlay_strength=&#8220;1&#8243; shape_divider_color=&#8220;#f4f4f4&#8243; shape_divider_position=&#8220;bottom&#8220; shape_divider_height=&#8220;40%&#8220; bg_image_animation=&#8220;none&#8220; shape_type=&#8220;curve_opacity&#8220;][vc_column column_padding=&#8220;no-extra-padding&#8220; column_padding_position=&#8220;right&#8220; background_color_opacity=&#8220;1&#8243; background_hover_color_opacity=&#8220;1&#8243; column_link_target=&#8220;_self&#8220; column_shadow=&#8220;none&#8220; column_border_radius=&#8220;none&#8220; width=&#8220;1\/1&#8243; tablet_width_inherit=&#8220;default&#8220; tablet_text_alignment=&#8220;default&#8220; phone_text_alignment=&#8220;default&#8220; overlay_strength=&#8220;0.3&#8243; column_border_width=&#8220;none&#8220;&#8230;<\/p>\n","protected":false},"author":1,"featured_media":152,"parent":0,"menu_order":0,"comment_status":"closed","ping_status":"closed","template":"","meta":{"footnotes":""},"class_list":["post-154","page","type-page","status-publish","has-post-thumbnail"],"_links":{"self":[{"href":"https:\/\/www.culhusrbtour.com\/sr\/wp-json\/wp\/v2\/pages\/154","targetHints":{"allow":["GET"]}}],"collection":[{"href":"https:\/\/www.culhusrbtour.com\/sr\/wp-json\/wp\/v2\/pages"}],"about":[{"href":"https:\/\/www.culhusrbtour.com\/sr\/wp-json\/wp\/v2\/types\/page"}],"author":[{"embeddable":true,"href":"https:\/\/www.culhusrbtour.com\/sr\/wp-json\/wp\/v2\/users\/1"}],"replies":[{"embeddable":true,"href":"https:\/\/www.culhusrbtour.com\/sr\/wp-json\/wp\/v2\/comments?post=154"}],"version-history":[{"count":0,"href":"https:\/\/www.culhusrbtour.com\/sr\/wp-json\/wp\/v2\/pages\/154\/revisions"}],"wp:featuredmedia":[{"embeddable":true,"href":"https:\/\/www.culhusrbtour.com\/sr\/wp-json\/wp\/v2\/media\/152"}],"wp:attachment":[{"href":"https:\/\/www.culhusrbtour.com\/sr\/wp-json\/wp\/v2\/media?parent=154"}],"curies":[{"name":"wp","href":"https:\/\/api.w.org\/{rel}","templated":true}]}}